{"id":353,"date":"2020-11-04T14:45:06","date_gmt":"2020-11-04T13:45:06","guid":{"rendered":"http:\/\/leptitchezsoi.fr\/?page_id=353"},"modified":"2020-11-04T14:49:42","modified_gmt":"2020-11-04T13:49:42","slug":"mentions-legales","status":"publish","type":"page","link":"https:\/\/leptitchezsoi.fr\/?page_id=353","title":{"rendered":"MENTIONS LEGALES"},"content":{"rendered":"\n<p><strong>PARTICULIER<\/strong><\/p>\n\n\n\n<p>Ce site est \u00e9dit\u00e9 par :<\/p>\n\n\n\n<p>[Nom : GOYT]<br>[Pr\u00e9nom : James]<br>[Domicile :  1, Rue de la Poste, 38400 St Martin D&rsquo;Heres]<br>[T\u00e9l\u00e9phone : +33 659596628]<\/p>\n\n\n\n<p>Nom du directeur de la publication : [James GOYT]<\/p>\n","protected":false},"excerpt":{"rendered":"<p>PARTICULIER Ce site est \u00e9dit\u00e9 par : [Nom : GOYT][Pr\u00e9nom : James][Domicile : 1, Rue de la Poste, 38400 St Martin D&rsquo;Heres][T\u00e9l\u00e9phone : +33 659596628] Nom du directeur de la publication : [James GOYT]<\/p>\n","protected":false},"author":1,"featured_media":0,"parent":0,"menu_order":0,"comment_status":"closed","ping_status":"closed","template":"","meta":{"spay_email":""},"_links":{"self":[{"href":"https:\/\/leptitchezsoi.fr\/index.php?rest_route=\/wp\/v2\/pages\/353"}],"collection":[{"href":"https:\/\/leptitchezsoi.fr\/index.php?rest_route=\/wp\/v2\/pages"}],"about":[{"href":"https:\/\/leptitchezsoi.fr\/index.php?rest_route=\/wp\/v2\/types\/page"}],"author":[{"embeddable":true,"href":"https:\/\/leptitchezsoi.fr\/index.php?rest_route=\/wp\/v2\/users\/1"}],"replies":[{"embeddable":true,"href":"https:\/\/leptitchezsoi.fr\/index.php?rest_route=%2Fwp%2Fv2%2Fcomments&post=353"}],"version-history":[{"count":2,"href":"https:\/\/leptitchezsoi.fr\/index.php?rest_route=\/wp\/v2\/pages\/353\/revisions"}],"predecessor-version":[{"id":356,"href":"https:\/\/leptitchezsoi.fr\/index.php?rest_route=\/wp\/v2\/pages\/353\/revisions\/356"}],"wp:attachment":[{"href":"https:\/\/leptitchezsoi.fr\/index.php?rest_route=%2Fwp%2Fv2%2Fmedia&parent=353"}],"curies":[{"name":"wp","href":"https:\/\/api.w.org\/{rel}","templated":true}]}}