{"id":7,"date":"2020-10-21T13:55:28","date_gmt":"2020-10-21T11:55:28","guid":{"rendered":"http:\/\/leptitchezsoi.fr\/?page_id=7"},"modified":"2020-10-22T09:45:14","modified_gmt":"2020-10-22T07:45:14","slug":"bienvenue-accueil","status":"publish","type":"page","link":"https:\/\/leptitchezsoi.fr\/?page_id=7","title":{"rendered":"BIENVENUE"},"content":{"rendered":"\n<p>Au c\u0153ur du massif du Vercors et notre Parc r\u00e9gional, nous serons heureux de vous accueillir dans notre station de moyenne montagne : Autrans-M\u00e9audre en Vercors. Notre charmant meubl\u00e9 (2 personnes ou 2 personnes + b\u00e9b\u00e9) est situ\u00e9 en centre du village de M\u00e9audre, au pied des pistes de ski alpin et de ski nordique, \u00e0 2 pas des  magnifiques chemins de randonn\u00e9e (marche ou VTT).  <\/p>\n\n\n\n<figure class=\"wp-block-image is-resized\"><img loading=\"lazy\" src=\"http:\/\/leptitchezsoi.fr\/wp-content\/uploads\/2020\/10\/P1250558-1024x684.jpg\" alt=\"\" class=\"wp-image-20\" width=\"490\" height=\"327\" srcset=\"https:\/\/leptitchezsoi.fr\/wp-content\/uploads\/2020\/10\/P1250558-1024x684.jpg 1024w, https:\/\/leptitchezsoi.fr\/wp-content\/uploads\/2020\/10\/P1250558-300x200.jpg 300w, https:\/\/leptitchezsoi.fr\/wp-content\/uploads\/2020\/10\/P1250558-768x513.jpg 768w\" sizes=\"(max-width: 490px) 100vw, 490px\" \/><figcaption><strong>Village de M\u00e9audre<\/strong><\/figcaption><\/figure>\n","protected":false},"excerpt":{"rendered":"<p>Au c\u0153ur du massif du Vercors et notre Parc r\u00e9gional, nous serons heureux de vous accueillir dans notre station de moyenne montagne : Autrans-M\u00e9audre en Vercors. Notre charmant meubl\u00e9 (2 personnes ou 2 personnes + b\u00e9b\u00e9) est situ\u00e9 en centre du village de M\u00e9audre, au pied des pistes de ski alpin et de ski nordique, [&hellip;]<\/p>\n","protected":false},"author":1,"featured_media":0,"parent":0,"menu_order":0,"comment_status":"closed","ping_status":"closed","template":"","meta":{"spay_email":""},"_links":{"self":[{"href":"https:\/\/leptitchezsoi.fr\/index.php?rest_route=\/wp\/v2\/pages\/7"}],"collection":[{"href":"https:\/\/leptitchezsoi.fr\/index.php?rest_route=\/wp\/v2\/pages"}],"about":[{"href":"https:\/\/leptitchezsoi.fr\/index.php?rest_route=\/wp\/v2\/types\/page"}],"author":[{"embeddable":true,"href":"https:\/\/leptitchezsoi.fr\/index.php?rest_route=\/wp\/v2\/users\/1"}],"replies":[{"embeddable":true,"href":"https:\/\/leptitchezsoi.fr\/index.php?rest_route=%2Fwp%2Fv2%2Fcomments&post=7"}],"version-history":[{"count":9,"href":"https:\/\/leptitchezsoi.fr\/index.php?rest_route=\/wp\/v2\/pages\/7\/revisions"}],"predecessor-version":[{"id":35,"href":"https:\/\/leptitchezsoi.fr\/index.php?rest_route=\/wp\/v2\/pages\/7\/revisions\/35"}],"wp:attachment":[{"href":"https:\/\/leptitchezsoi.fr\/index.php?rest_route=%2Fwp%2Fv2%2Fmedia&parent=7"}],"curies":[{"name":"wp","href":"https:\/\/api.w.org\/{rel}","templated":true}]}}